{"id":14,"date":"2023-02-13T21:38:18","date_gmt":"2023-02-13T20:38:18","guid":{"rendered":"http:\/\/crespypeinture.fr\/?page_id=14"},"modified":"2023-02-19T20:23:21","modified_gmt":"2023-02-19T19:23:21","slug":"le-nouveau-e-mucem-ouvre-ses-portes-2","status":"publish","type":"page","link":"https:\/\/crespypeinture.fr\/","title":{"rendered":"CRESPY Peinture"},"content":{"rendered":"\n<div class=\"wp-block-group alignwide\"><div class=\"wp-block-group__inner-container is-layout-flow wp-block-group-is-layout-flow\">\n<h2 class=\"has-text-align-center wp-block-heading\">Entreprise de peintures en b\u00e2timent.<\/h2>\n<\/div><\/div>\n\n\n\n<h3 class=\"wp-block-heading\">Pr\u00e9sentation de l&rsquo;entreprise<\/h3>\n\n\n\n<p class=\"has-text-align-center\">L\u2019entreprise <strong>SARL CRESPY<\/strong> fut cr\u00e9\u00e9e en 1985 au titre d\u2019entreprise individuelle (Artisan peintre en b\u00e2timent), puis il y eu la passation en SARL en 1999. De ce fait, nous pouvons affirmer avoir acquis suffisamment d\u2019exp\u00e9riences au cours de toutes ces ann\u00e9es pour r\u00e9pondre aux diff\u00e9rents travaux cit\u00e9s ci-dessous. Et cela, avec une qualit\u00e9 finale qui r\u00e9pond aux normes strictes de <strong>QUALIBAT<\/strong>.<\/p>\n\n\n<div class=\"wp-block-image\">\n<figure class=\"aligncenter size-full is-resized\"><img loading=\"lazy\" decoding=\"async\" src=\"https:\/\/crespypeinture.fr\/wp-content\/uploads\/2023\/02\/logo-qualibat.png\" alt=\"\" class=\"wp-image-254\" width=\"152\" height=\"147\" srcset=\"https:\/\/crespypeinture.fr\/wp-content\/uploads\/2023\/02\/logo-qualibat.png 491w, https:\/\/crespypeinture.fr\/wp-content\/uploads\/2023\/02\/logo-qualibat-300x290.png 300w\" sizes=\"auto, (max-width: 152px) 100vw, 152px\" \/><\/figure>\n<\/div>\n\n\n<p class=\"has-text-align-center\">La diversit\u00e9 de nos prestations a pour objectif de r\u00e9pondre au maximum \u00e0 vos exigences, que ce soit pour vos b\u00e2timents personnels, professionnels ou industriels.<\/p>\n\n\n\n<p class=\"has-text-align-center\">Nous intervenons en int\u00e9rieur et en ext\u00e9rieur, pour la r\u00e9novation, l&rsquo;entretien ou sur des constructions neuves. De plus, nous disposons d\u2019un personnel qualifi\u00e9, de mat\u00e9riels de pointe et des v\u00e9hicules de fonction.<\/p>\n\n\n\n<p class=\"has-text-align-center\">Nous nous d\u00e9pla\u00e7ons sur toute la <strong>GIRONDE<\/strong> pour toutes prestations de peintures, papier-peints, rev\u00eatements muraux, sols souples, moquettes, parquets, fa\u00efences et pl\u00e2trerie s\u00e8che.<\/p>\n\n\n\n<h3 class=\"wp-block-heading\">Nos comp\u00e9tences<\/h3>\n\n\n\n<p>Pour la mise en valeurs de votre patrimoine nous vous proposons les prestations suivantes conform\u00e9ment aux DTU en vigueur.<\/p>\n\n\n\n<p class=\"has-text-align-center\"><strong><u>Travaux courants :<\/u><\/strong><\/p>\n\n\n\n<p>&#8211; Peintures g\u00e9n\u00e9rales int\u00e9rieures sur murs, plafonds, boiseries et m\u00e9taux,<\/p>\n\n\n\n<p>&#8211; Peinture d\u00e9coratives et projection de gouttelette<\/p>\n\n\n\n<p>&#8211; Peintures g\u00e9n\u00e9rales ext\u00e9rieures et traitement des fa\u00e7ades et imperm\u00e9abilit\u00e9 : i1, i2, i3, i4.<\/p>\n\n\n\n<p>&#8211; Rev\u00eatements de sol : PVC : \u00ab\u00a0ST\u00a0\u00bb, \u00ab\u00a0U2SP2\u00a0\u00bb, \u00ab\u00a0U2SP3\u00a0\u00bb, \u00ab\u00a0U3P3\u00a0\u00bb, \u00ab\u00a0U4P3\u00a0\u00bb avec soudure \u00e0 froid ou \u00e0 chaud, moquettes, coco, parquet flottant, parquet coll\u00e9.<\/p>\n\n\n\n<p>&#8211; Pose de Fa\u00efences<\/p>\n\n\n\n<p class=\"has-text-align-center\"><u><strong>D\u00e9coration :<\/strong><\/u><\/p>\n\n\n\n<p>&#8211; Patines, chaux, peintures structur\u00e9es, effets \u00ab\u00a0\u00e9ponge\u00a0\u00bb, \u00a0\u00bb torchon\u00a0\u00bb etc&#8230;. .<\/p>\n\n\n\n<p>&#8211; Toiles de verres personnalis\u00e9es.<\/p>\n\n\n\n<p>&#8211; Tapisseries panoramiques \/ g\u00e9om\u00e9triques, \u00e0 raccords<\/p>\n\n\n\n<p class=\"has-text-align-center\"><strong><u>Pl\u00e2trerie s\u00e8che :<\/u><\/strong><\/p>\n\n\n\n<p>&#8211; Pose de doublage coll\u00e9 ou sur ossature m\u00e9tallique.<\/p>\n\n\n\n<p>&#8211; Pose de cloisons et de plafonds en plaque de pl\u00e2tre Placostil \/ BA 13 sur ossature m\u00e9tallique y compris int\u00e9gration des huisseries.<\/p>\n\n\n\n<p>&#8211; Mise en place des bandes simples, arm\u00e9es et baguettes m\u00e9talliques.<\/p>\n\n\n\n<h3 class=\"wp-block-heading\">Nos r\u00e9alisations<\/h3>\n\n\n\n<div class=\"wp-block-columns alignwide is-layout-flex wp-container-core-columns-is-layout-9d6595d7 wp-block-columns-is-layout-flex\">\n<div class=\"wp-block-column is-layout-flow wp-block-column-is-layout-flow\">\n<div class=\"wp-block-group\"><div class=\"wp-block-group__inner-container is-layout-flow wp-block-group-is-layout-flow\">\n<figure class=\"wp-block-image alignfull size-large\"><img loading=\"lazy\" decoding=\"async\" width=\"1024\" height=\"768\" src=\"https:\/\/crespypeinture.fr\/wp-content\/uploads\/2023\/02\/IMG-6518-1024x768.jpg\" alt=\"\" class=\"wp-image-50\" srcset=\"https:\/\/crespypeinture.fr\/wp-content\/uploads\/2023\/02\/IMG-6518-1024x768.jpg 1024w, https:\/\/crespypeinture.fr\/wp-content\/uploads\/2023\/02\/IMG-6518-300x225.jpg 300w, https:\/\/crespypeinture.fr\/wp-content\/uploads\/2023\/02\/IMG-6518-768x576.jpg 768w, https:\/\/crespypeinture.fr\/wp-content\/uploads\/2023\/02\/IMG-6518-1536x1152.jpg 1536w, https:\/\/crespypeinture.fr\/wp-content\/uploads\/2023\/02\/IMG-6518-2048x1536.jpg 2048w, https:\/\/crespypeinture.fr\/wp-content\/uploads\/2023\/02\/IMG-6518-1200x900.jpg 1200w, https:\/\/crespypeinture.fr\/wp-content\/uploads\/2023\/02\/IMG-6518-1980x1485.jpg 1980w\" sizes=\"auto, (max-width: 1024px) 100vw, 1024px\" \/><\/figure>\n\n\n\n<h3 class=\"wp-block-heading\">Ecole de musique \u00e0 Macau<\/h3>\n\n\n\n<p>R\u00e9alisation des peintures et des sols souples.<\/p>\n\n\n\n<div class=\"wp-block-button is-style-outline is-style-outline--1\"><a class=\"wp-block-button__link wp-element-button\" href=\"https:\/\/crespypeinture.fr\/index.php\/2023\/02\/13\/ecole-de-musique-a-macau\/\" target=\"_blank\" rel=\"noreferrer noopener\">Lire la suite<\/a><\/div>\n<\/div><\/div>\n\n\n\n<div class=\"wp-block-group\"><div class=\"wp-block-group__inner-container is-layout-flow wp-block-group-is-layout-flow\">\n<figure class=\"wp-block-image alignfull size-large\"><img loading=\"lazy\" decoding=\"async\" width=\"768\" height=\"1024\" src=\"https:\/\/crespypeinture.fr\/wp-content\/uploads\/2023\/02\/IMG-6388-2-768x1024.jpg\" alt=\"\" class=\"wp-image-155\" srcset=\"https:\/\/crespypeinture.fr\/wp-content\/uploads\/2023\/02\/IMG-6388-2-768x1024.jpg 768w, https:\/\/crespypeinture.fr\/wp-content\/uploads\/2023\/02\/IMG-6388-2-225x300.jpg 225w, https:\/\/crespypeinture.fr\/wp-content\/uploads\/2023\/02\/IMG-6388-2-1152x1536.jpg 1152w, https:\/\/crespypeinture.fr\/wp-content\/uploads\/2023\/02\/IMG-6388-2-1536x2048.jpg 1536w, https:\/\/crespypeinture.fr\/wp-content\/uploads\/2023\/02\/IMG-6388-2-1200x1600.jpg 1200w, https:\/\/crespypeinture.fr\/wp-content\/uploads\/2023\/02\/IMG-6388-2-1980x2640.jpg 1980w, https:\/\/crespypeinture.fr\/wp-content\/uploads\/2023\/02\/IMG-6388-2-scaled.jpg 1920w\" sizes=\"auto, (max-width: 768px) 100vw, 768px\" \/><\/figure>\n\n\n\n<h3 class=\"wp-block-heading\">Clinique v\u00e9t\u00e9rinaire<\/h3>\n\n\n\n<p>R\u00e9alisation des peintures.<\/p>\n\n\n\n<div class=\"wp-block-button is-style-outline is-style-outline--2\"><a class=\"wp-block-button__link wp-element-button\" href=\"https:\/\/crespypeinture.fr\/index.php\/2023\/02\/13\/clinique-veterinaire\/\" target=\"_blank\" rel=\"noreferrer noopener\">Lire la suite<\/a><\/div>\n<\/div><\/div>\n\n\n\n<div class=\"wp-block-group\"><div class=\"wp-block-group__inner-container is-layout-flow wp-block-group-is-layout-flow\">\n<figure class=\"wp-block-image alignfull size-large\"><img loading=\"lazy\" decoding=\"async\" width=\"768\" height=\"1024\" src=\"https:\/\/crespypeinture.fr\/wp-content\/uploads\/2023\/02\/IMG-5984-768x1024.jpg\" alt=\"\" class=\"wp-image-134\" srcset=\"https:\/\/crespypeinture.fr\/wp-content\/uploads\/2023\/02\/IMG-5984-768x1024.jpg 768w, https:\/\/crespypeinture.fr\/wp-content\/uploads\/2023\/02\/IMG-5984-225x300.jpg 225w, https:\/\/crespypeinture.fr\/wp-content\/uploads\/2023\/02\/IMG-5984-1152x1536.jpg 1152w, https:\/\/crespypeinture.fr\/wp-content\/uploads\/2023\/02\/IMG-5984-1536x2048.jpg 1536w, https:\/\/crespypeinture.fr\/wp-content\/uploads\/2023\/02\/IMG-5984-1200x1600.jpg 1200w, https:\/\/crespypeinture.fr\/wp-content\/uploads\/2023\/02\/IMG-5984-1980x2640.jpg 1980w, https:\/\/crespypeinture.fr\/wp-content\/uploads\/2023\/02\/IMG-5984-scaled.jpg 1920w\" sizes=\"auto, (max-width: 768px) 100vw, 768px\" \/><\/figure>\n\n\n\n<h3 class=\"wp-block-heading\">Ext\u00e9rieur<\/h3>\n\n\n\n<p>R\u00e9alisation des peintures.<\/p>\n\n\n\n<div class=\"wp-block-button is-style-outline is-style-outline--3\"><a class=\"wp-block-button__link wp-element-button\" href=\"https:\/\/crespypeinture.fr\/index.php\/2023\/02\/13\/exterieur\/\" target=\"_blank\" rel=\"noreferrer noopener\">Lire la suite<\/a><\/div>\n<\/div><\/div>\n\n\n\n<div class=\"wp-block-group\"><div class=\"wp-block-group__inner-container is-layout-flow wp-block-group-is-layout-flow\">\n<figure class=\"wp-block-image alignfull size-full\"><img loading=\"lazy\" decoding=\"async\" width=\"1000\" height=\"650\" src=\"https:\/\/crespypeinture.fr\/wp-content\/uploads\/2023\/02\/Hall-entree.jpg\" alt=\"\" class=\"wp-image-174\" srcset=\"https:\/\/crespypeinture.fr\/wp-content\/uploads\/2023\/02\/Hall-entree.jpg 1000w, https:\/\/crespypeinture.fr\/wp-content\/uploads\/2023\/02\/Hall-entree-300x195.jpg 300w, https:\/\/crespypeinture.fr\/wp-content\/uploads\/2023\/02\/Hall-entree-768x499.jpg 768w\" sizes=\"auto, (max-width: 1000px) 100vw, 1000px\" \/><\/figure>\n\n\n\n<h3 class=\"wp-block-heading\">Hall d&rsquo;entr\u00e9e<\/h3>\n\n\n\n<p>R\u00e9alisation des peintures d&rsquo;un hall d&rsquo;entr\u00e9e.<\/p>\n\n\n\n<div class=\"wp-block-button is-style-outline is-style-outline--4\"><a class=\"wp-block-button__link wp-element-button\" href=\"https:\/\/crespypeinture.fr\/index.php\/2023\/02\/14\/hall-dentree\/\" target=\"_blank\" rel=\"noreferrer noopener\">Lire la suite<\/a><\/div>\n<\/div><\/div>\n\n\n\n<div class=\"wp-block-group\"><div class=\"wp-block-group__inner-container is-layout-flow wp-block-group-is-layout-flow\">\n<figure class=\"wp-block-image alignfull size-full\"><img loading=\"lazy\" decoding=\"async\" width=\"1020\" height=\"640\" src=\"https:\/\/crespypeinture.fr\/wp-content\/uploads\/2023\/02\/Avant-apres1.jpg\" alt=\"\" class=\"wp-image-179\" srcset=\"https:\/\/crespypeinture.fr\/wp-content\/uploads\/2023\/02\/Avant-apres1.jpg 1020w, https:\/\/crespypeinture.fr\/wp-content\/uploads\/2023\/02\/Avant-apres1-300x188.jpg 300w, https:\/\/crespypeinture.fr\/wp-content\/uploads\/2023\/02\/Avant-apres1-768x482.jpg 768w\" sizes=\"auto, (max-width: 1020px) 100vw, 1020px\" \/><\/figure>\n\n\n\n<h3 class=\"wp-block-heading\">R\u00e9novation d&rsquo;une maison Bordelaise<\/h3>\n\n\n\n<p>R\u00e9novation des ext\u00e9rieurs d&rsquo;une maison Bordelaise.<\/p>\n\n\n\n<div class=\"wp-block-button is-style-outline is-style-outline--5\"><a class=\"wp-block-button__link wp-element-button\" href=\"https:\/\/crespypeinture.fr\/index.php\/2023\/02\/14\/renovation-dune-maison-bordelaise\/\" target=\"_blank\" rel=\"noreferrer noopener\">Lire la suite<\/a><\/div>\n<\/div><\/div>\n\n\n\n<div class=\"wp-block-group\"><div class=\"wp-block-group__inner-container is-layout-flow wp-block-group-is-layout-flow\">\n<figure class=\"wp-block-image alignfull size-full\"><img loading=\"lazy\" decoding=\"async\" width=\"567\" height=\"850\" src=\"https:\/\/crespypeinture.fr\/wp-content\/uploads\/2023\/02\/EcoleMaternelleMontussan-1.jpg\" alt=\"\" class=\"wp-image-210\" srcset=\"https:\/\/crespypeinture.fr\/wp-content\/uploads\/2023\/02\/EcoleMaternelleMontussan-1.jpg 567w, https:\/\/crespypeinture.fr\/wp-content\/uploads\/2023\/02\/EcoleMaternelleMontussan-1-200x300.jpg 200w\" sizes=\"auto, (max-width: 567px) 100vw, 567px\" \/><\/figure>\n\n\n\n<h3 class=\"wp-block-heading\">Ecole maternelle de Montussan<\/h3>\n\n\n\n<p>R\u00e9alisation des peintures ext\u00e9rieures de l&rsquo;\u00e9cole de Montussan.<\/p>\n\n\n\n<div class=\"wp-block-button is-style-outline is-style-outline--6\"><a class=\"wp-block-button__link wp-element-button\" href=\"https:\/\/crespypeinture.fr\/index.php\/2023\/02\/14\/ecole-maternelle-de-montussan\/\" target=\"_blank\" rel=\"noreferrer noopener\">Lire la suite<\/a><\/div>\n<\/div><\/div>\n\n\n\n<div class=\"wp-block-group\"><div class=\"wp-block-group__inner-container is-layout-flow wp-block-group-is-layout-flow\">\n<figure class=\"wp-block-image alignfull size-large\"><img loading=\"lazy\" decoding=\"async\" width=\"1024\" height=\"576\" src=\"https:\/\/crespypeinture.fr\/wp-content\/uploads\/2023\/02\/Facade9-1024x576.jpg\" alt=\"\" class=\"wp-image-240\" srcset=\"https:\/\/crespypeinture.fr\/wp-content\/uploads\/2023\/02\/Facade9-1024x576.jpg 1024w, https:\/\/crespypeinture.fr\/wp-content\/uploads\/2023\/02\/Facade9-300x169.jpg 300w, https:\/\/crespypeinture.fr\/wp-content\/uploads\/2023\/02\/Facade9-768x432.jpg 768w, https:\/\/crespypeinture.fr\/wp-content\/uploads\/2023\/02\/Facade9-1200x675.jpg 1200w, https:\/\/crespypeinture.fr\/wp-content\/uploads\/2023\/02\/Facade9.jpg 1280w\" sizes=\"auto, (max-width: 1024px) 100vw, 1024px\" \/><\/figure>\n\n\n\n<h3 class=\"wp-block-heading\">Remise en peinture d&rsquo;une fa\u00e7ade<\/h3>\n\n\n\n<p>R\u00e9alisation des peintures de fa\u00e7ade.<\/p>\n\n\n\n<div class=\"wp-block-button is-style-outline is-style-outline--7\"><a class=\"wp-block-button__link wp-element-button\" href=\"https:\/\/crespypeinture.fr\/index.php\/2023\/02\/14\/remise-en-peinture-dune-facade\/\" target=\"_blank\" rel=\"noreferrer noopener\">Lire la suite<\/a><\/div>\n<\/div><\/div>\n<\/div>\n\n\n\n<div class=\"wp-block-column is-layout-flow wp-block-column-is-layout-flow\">\n<div class=\"wp-block-group\"><div class=\"wp-block-group__inner-container is-layout-flow wp-block-group-is-layout-flow\">\n<figure class=\"wp-block-image alignfull size-large\"><img loading=\"lazy\" decoding=\"async\" width=\"1024\" height=\"768\" src=\"https:\/\/crespypeinture.fr\/wp-content\/uploads\/2023\/02\/IMG-5959-1024x768.jpg\" alt=\"\" class=\"wp-image-91\" srcset=\"https:\/\/crespypeinture.fr\/wp-content\/uploads\/2023\/02\/IMG-5959-1024x768.jpg 1024w, https:\/\/crespypeinture.fr\/wp-content\/uploads\/2023\/02\/IMG-5959-300x225.jpg 300w, https:\/\/crespypeinture.fr\/wp-content\/uploads\/2023\/02\/IMG-5959-768x576.jpg 768w, https:\/\/crespypeinture.fr\/wp-content\/uploads\/2023\/02\/IMG-5959-1536x1152.jpg 1536w, https:\/\/crespypeinture.fr\/wp-content\/uploads\/2023\/02\/IMG-5959-2048x1536.jpg 2048w, https:\/\/crespypeinture.fr\/wp-content\/uploads\/2023\/02\/IMG-5959-1200x900.jpg 1200w, https:\/\/crespypeinture.fr\/wp-content\/uploads\/2023\/02\/IMG-5959-1980x1485.jpg 1980w\" sizes=\"auto, (max-width: 1024px) 100vw, 1024px\" \/><\/figure>\n\n\n\n<h3 class=\"wp-block-heading\">Ecole Saint-denis-de-Pile<\/h3>\n\n\n\n<p>R\u00e9alisation des peintures et des sols souples.<\/p>\n\n\n\n<div class=\"wp-block-button is-style-outline is-style-outline--8\"><a class=\"wp-block-button__link wp-element-button\" href=\"https:\/\/crespypeinture.fr\/index.php\/2023\/02\/13\/ecole-saint-denis-de-pile\/\" target=\"_blank\" rel=\"noreferrer noopener\">Lire la suite<\/a><\/div>\n<\/div><\/div>\n\n\n\n<div class=\"wp-block-group\"><div class=\"wp-block-group__inner-container is-layout-flow wp-block-group-is-layout-flow\">\n<figure class=\"wp-block-image alignfull size-large\"><img loading=\"lazy\" decoding=\"async\" width=\"768\" height=\"1024\" src=\"https:\/\/crespypeinture.fr\/wp-content\/uploads\/2023\/02\/IMG-0527-1-768x1024.jpg\" alt=\"\" class=\"wp-image-131\" srcset=\"https:\/\/crespypeinture.fr\/wp-content\/uploads\/2023\/02\/IMG-0527-1-768x1024.jpg 768w, https:\/\/crespypeinture.fr\/wp-content\/uploads\/2023\/02\/IMG-0527-1-225x300.jpg 225w, https:\/\/crespypeinture.fr\/wp-content\/uploads\/2023\/02\/IMG-0527-1-1152x1536.jpg 1152w, https:\/\/crespypeinture.fr\/wp-content\/uploads\/2023\/02\/IMG-0527-1-1536x2048.jpg 1536w, https:\/\/crespypeinture.fr\/wp-content\/uploads\/2023\/02\/IMG-0527-1-1200x1600.jpg 1200w, https:\/\/crespypeinture.fr\/wp-content\/uploads\/2023\/02\/IMG-0527-1-1980x2640.jpg 1980w, https:\/\/crespypeinture.fr\/wp-content\/uploads\/2023\/02\/IMG-0527-1-scaled.jpg 1920w\" sizes=\"auto, (max-width: 768px) 100vw, 768px\" \/><\/figure>\n\n\n\n<h3 class=\"wp-block-heading\">Centre de loisir &#8211; Macau<\/h3>\n\n\n\n<p>R\u00e9alisation des peintures.<\/p>\n\n\n\n<div class=\"wp-block-button is-style-outline is-style-outline--9\"><a class=\"wp-block-button__link wp-element-button\" href=\"https:\/\/crespypeinture.fr\/index.php\/2023\/02\/13\/ecole\/\" target=\"_blank\" rel=\"noreferrer noopener\">Lire la suite<\/a><\/div>\n\n\n\n<div class=\"wp-block-group\"><div class=\"wp-block-group__inner-container is-layout-flow wp-block-group-is-layout-flow\">\n<figure class=\"wp-block-image alignfull size-full\"><img loading=\"lazy\" decoding=\"async\" width=\"720\" height=\"960\" src=\"https:\/\/crespypeinture.fr\/wp-content\/uploads\/2023\/02\/BoulangerieFeuillette18.jpg\" alt=\"\" class=\"wp-image-212\" srcset=\"https:\/\/crespypeinture.fr\/wp-content\/uploads\/2023\/02\/BoulangerieFeuillette18.jpg 720w, https:\/\/crespypeinture.fr\/wp-content\/uploads\/2023\/02\/BoulangerieFeuillette18-225x300.jpg 225w\" sizes=\"auto, (max-width: 720px) 100vw, 720px\" \/><\/figure>\n\n\n\n<h3 class=\"wp-block-heading\">Boulangerie Feuillette \u00e0 Libourne<\/h3>\n\n\n\n<p>Peinture, boiseries et papiers peints lors de la construction d&rsquo;une boulangerie Feuillette \u00e0 Libourne.<\/p>\n\n\n\n<div class=\"wp-block-button is-style-outline is-style-outline--10\"><a class=\"wp-block-button__link wp-element-button\" href=\"https:\/\/crespypeinture.fr\/index.php\/2023\/02\/14\/boulangerie-feuillette-a-libourne\/\" target=\"_blank\" rel=\"noreferrer noopener\">Lire la suite<\/a><\/div>\n<\/div><\/div>\n<\/div><\/div>\n\n\n\n<div class=\"wp-block-group\"><div class=\"wp-block-group__inner-container is-layout-flow wp-block-group-is-layout-flow\">\n<figure class=\"wp-block-image alignfull size-large\"><img loading=\"lazy\" decoding=\"async\" width=\"1024\" height=\"768\" src=\"https:\/\/crespypeinture.fr\/wp-content\/uploads\/2023\/02\/IMG-2533-2-1024x768.jpg\" alt=\"\" class=\"wp-image-159\" srcset=\"https:\/\/crespypeinture.fr\/wp-content\/uploads\/2023\/02\/IMG-2533-2-1024x768.jpg 1024w, https:\/\/crespypeinture.fr\/wp-content\/uploads\/2023\/02\/IMG-2533-2-300x225.jpg 300w, https:\/\/crespypeinture.fr\/wp-content\/uploads\/2023\/02\/IMG-2533-2-768x576.jpg 768w, https:\/\/crespypeinture.fr\/wp-content\/uploads\/2023\/02\/IMG-2533-2-1536x1152.jpg 1536w, https:\/\/crespypeinture.fr\/wp-content\/uploads\/2023\/02\/IMG-2533-2-2048x1536.jpg 2048w, https:\/\/crespypeinture.fr\/wp-content\/uploads\/2023\/02\/IMG-2533-2-1200x900.jpg 1200w, https:\/\/crespypeinture.fr\/wp-content\/uploads\/2023\/02\/IMG-2533-2-1980x1485.jpg 1980w\" sizes=\"auto, (max-width: 1024px) 100vw, 1024px\" \/><\/figure>\n\n\n\n<h3 class=\"wp-block-heading\">Chambre enfant<\/h3>\n\n\n\n<p>R\u00e9alisation des peintures.<\/p>\n\n\n\n<div class=\"wp-block-button is-style-outline is-style-outline--11\"><a class=\"wp-block-button__link wp-element-button\" href=\"https:\/\/crespypeinture.fr\/index.php\/2023\/02\/13\/chambre-enfant\/\" target=\"_blank\" rel=\"noreferrer noopener\">Lire la suite<\/a><\/div>\n<\/div><\/div>\n\n\n\n<div class=\"wp-block-group\"><div class=\"wp-block-group__inner-container is-layout-flow wp-block-group-is-layout-flow\">\n<figure class=\"wp-block-image alignfull size-full\"><img loading=\"lazy\" decoding=\"async\" width=\"720\" height=\"960\" src=\"https:\/\/crespypeinture.fr\/wp-content\/uploads\/2023\/02\/Apres1.jpg\" alt=\"\" class=\"wp-image-168\" srcset=\"https:\/\/crespypeinture.fr\/wp-content\/uploads\/2023\/02\/Apres1.jpg 720w, https:\/\/crespypeinture.fr\/wp-content\/uploads\/2023\/02\/Apres1-225x300.jpg 225w\" sizes=\"auto, (max-width: 720px) 100vw, 720px\" \/><\/figure>\n\n\n\n<h3 class=\"wp-block-heading\">Avant\/Apr\u00e8s \u00e0 Libourne &#8230;<\/h3>\n\n\n\n<p>R\u00e9alisation des peintures de fa\u00e7ade et des boiseries.<\/p>\n\n\n\n<div class=\"wp-block-button is-style-outline is-style-outline--12\"><a class=\"wp-block-button__link wp-element-button\" href=\"https:\/\/crespypeinture.fr\/index.php\/2023\/02\/14\/avant-apres-a-libourne\/\" target=\"_blank\" rel=\"noreferrer noopener\">Lire la suite<\/a><\/div>\n<\/div><\/div>\n\n\n\n<div class=\"wp-block-group\"><div class=\"wp-block-group__inner-container is-layout-flow wp-block-group-is-layout-flow\">\n<figure class=\"wp-block-image alignfull size-large\"><img loading=\"lazy\" decoding=\"async\" width=\"768\" height=\"1024\" src=\"https:\/\/crespypeinture.fr\/wp-content\/uploads\/2023\/02\/Appart-Bdx-Centre4-768x1024.jpg\" alt=\"\" class=\"wp-image-196\" srcset=\"https:\/\/crespypeinture.fr\/wp-content\/uploads\/2023\/02\/Appart-Bdx-Centre4-768x1024.jpg 768w, https:\/\/crespypeinture.fr\/wp-content\/uploads\/2023\/02\/Appart-Bdx-Centre4-225x300.jpg 225w, https:\/\/crespypeinture.fr\/wp-content\/uploads\/2023\/02\/Appart-Bdx-Centre4-1152x1536.jpg 1152w, https:\/\/crespypeinture.fr\/wp-content\/uploads\/2023\/02\/Appart-Bdx-Centre4-1200x1600.jpg 1200w, https:\/\/crespypeinture.fr\/wp-content\/uploads\/2023\/02\/Appart-Bdx-Centre4.jpg 1536w\" sizes=\"auto, (max-width: 768px) 100vw, 768px\" \/><\/figure>\n\n\n\n<h3 class=\"wp-block-heading\">R\u00e9novation d&rsquo;un appartement dans le vieux Bordeaux<\/h3>\n\n\n\n<p>R\u00e9novation d&rsquo;un appartement complet.<\/p>\n\n\n\n<div class=\"wp-block-button is-style-outline is-style-outline--13\"><a class=\"wp-block-button__link wp-element-button\" href=\"https:\/\/crespypeinture.fr\/index.php\/2023\/02\/14\/renovation-dun-appartement-dans-le-vieux-bordeaux\/\" target=\"_blank\" rel=\"noreferrer noopener\">Lire la suite<\/a><\/div>\n<\/div><\/div>\n<\/div>\n<\/div>\n\n\n\n<p><\/p>\n\n\n\n<figure class=\"wp-block-image alignfull size-full\"><img loading=\"lazy\" decoding=\"async\" width=\"596\" height=\"376\" src=\"https:\/\/crespypeinture.fr\/wp-content\/uploads\/2023\/02\/crespy_newlogo_V2-01-1-1.bmp\" alt=\"\" class=\"wp-image-73\" srcset=\"https:\/\/crespypeinture.fr\/wp-content\/uploads\/2023\/02\/crespy_newlogo_V2-01-1-1.bmp 596w, https:\/\/crespypeinture.fr\/wp-content\/uploads\/2023\/02\/crespy_newlogo_V2-01-1-1-300x189.jpg 300w\" sizes=\"auto, (max-width: 596px) 100vw, 596px\" \/><\/figure>\n\n\n\n<p><\/p>\n","protected":false},"excerpt":{"rendered":"<p>Entreprise de peintures en b\u00e2timent. Pr\u00e9sentation de l&rsquo;entreprise L\u2019entreprise SARL CRESPY fut cr\u00e9\u00e9e en 1985 au titre d\u2019entreprise individuelle (Artisan peintre en b\u00e2timent), puis il y eu la passation en SARL en 1999. De ce fait, nous pouvons affirmer avoir acquis suffisamment d\u2019exp\u00e9riences au cours de toutes ces ann\u00e9es pour r\u00e9pondre aux diff\u00e9rents travaux cit\u00e9s [&hellip;]<\/p>\n","protected":false},"author":1,"featured_media":13,"parent":0,"menu_order":0,"comment_status":"closed","ping_status":"closed","template":"","meta":{"footnotes":""},"class_list":["post-14","page","type-page","status-publish","has-post-thumbnail","hentry"],"_links":{"self":[{"href":"https:\/\/crespypeinture.fr\/index.php\/wp-json\/wp\/v2\/pages\/14","targetHints":{"allow":["GET"]}}],"collection":[{"href":"https:\/\/crespypeinture.fr\/index.php\/wp-json\/wp\/v2\/pages"}],"about":[{"href":"https:\/\/crespypeinture.fr\/index.php\/wp-json\/wp\/v2\/types\/page"}],"author":[{"embeddable":true,"href":"https:\/\/crespypeinture.fr\/index.php\/wp-json\/wp\/v2\/users\/1"}],"replies":[{"embeddable":true,"href":"https:\/\/crespypeinture.fr\/index.php\/wp-json\/wp\/v2\/comments?post=14"}],"version-history":[{"count":26,"href":"https:\/\/crespypeinture.fr\/index.php\/wp-json\/wp\/v2\/pages\/14\/revisions"}],"predecessor-version":[{"id":257,"href":"https:\/\/crespypeinture.fr\/index.php\/wp-json\/wp\/v2\/pages\/14\/revisions\/257"}],"wp:featuredmedia":[{"embeddable":true,"href":"https:\/\/crespypeinture.fr\/index.php\/wp-json\/wp\/v2\/media\/13"}],"wp:attachment":[{"href":"https:\/\/crespypeinture.fr\/index.php\/wp-json\/wp\/v2\/media?parent=14"}],"curies":[{"name":"wp","href":"https:\/\/api.w.org\/{rel}","templated":true}]}}