{"id":15,"date":"2023-02-13T21:38:18","date_gmt":"2023-02-13T20:38:18","guid":{"rendered":"http:\/\/crespypeinture.fr\/?page_id=15"},"modified":"2023-02-13T22:10:03","modified_gmt":"2023-02-13T21:10:03","slug":"a-propos-de","status":"publish","type":"page","link":"https:\/\/crespypeinture.fr\/index.php\/a-propos-de\/","title":{"rendered":"\u00c0 propos de"},"content":{"rendered":"\n<div class=\"wp-block-group\"><div class=\"wp-block-group__inner-container is-layout-constrained wp-block-group-is-layout-constrained\">\n<p>La <strong>SARL Crespy Peinture <\/strong>est une entreprise familiale existant depuis 1985 et qui fournit des services de peintures en b\u00e2timent \u00e0 des Architectes, Maitres d\u2019\u0153uvre, Promoteurs immobilier, Agences immobili\u00e8res ainsi qu\u2019\u00e0 des clients particuliers.<\/p>\n\n\n\n<p>Je travaille en tant que <strong>directrice dans l\u2019entreprise CRESPY depuis 2011<\/strong>, avant cela j\u2019ai \u00e9t\u00e9 form\u00e9 dans cette m\u00eame entreprise depuis 2007. Fi\u00e8re de mes 15 ans d\u2019exp\u00e9riences et ayant r\u00e9cup\u00e9r\u00e9 la g\u00e9rance cette ann\u00e9e, je souhaite d\u00e9velopper la client\u00e8le afin de continuer \u00e0 p\u00e9renniser l\u2019entreprise familiale.<\/p>\n\n\n\n<p>N&rsquo;h\u00e9sitez pas \u00e0 me contacter pour les consultations de vos futurs chantiers.<\/p>\n<\/div><\/div>\n","protected":false},"excerpt":{"rendered":"<p>La SARL Crespy Peinture est une entreprise familiale existant depuis 1985 et qui fournit des services de peintures en b\u00e2timent \u00e0 des Architectes, Maitres d\u2019\u0153uvre, Promoteurs immobilier, Agences immobili\u00e8res ainsi qu\u2019\u00e0 des clients particuliers. Je travaille en tant que directrice dans l\u2019entreprise CRESPY depuis 2011, avant cela j\u2019ai \u00e9t\u00e9 form\u00e9 dans cette m\u00eame entreprise depuis [&hellip;]<\/p>\n","protected":false},"author":1,"featured_media":0,"parent":0,"menu_order":0,"comment_status":"closed","ping_status":"closed","template":"","meta":{"footnotes":""},"class_list":["post-15","page","type-page","status-publish","hentry"],"_links":{"self":[{"href":"https:\/\/crespypeinture.fr\/index.php\/wp-json\/wp\/v2\/pages\/15","targetHints":{"allow":["GET"]}}],"collection":[{"href":"https:\/\/crespypeinture.fr\/index.php\/wp-json\/wp\/v2\/pages"}],"about":[{"href":"https:\/\/crespypeinture.fr\/index.php\/wp-json\/wp\/v2\/types\/page"}],"author":[{"embeddable":true,"href":"https:\/\/crespypeinture.fr\/index.php\/wp-json\/wp\/v2\/users\/1"}],"replies":[{"embeddable":true,"href":"https:\/\/crespypeinture.fr\/index.php\/wp-json\/wp\/v2\/comments?post=15"}],"version-history":[{"count":2,"href":"https:\/\/crespypeinture.fr\/index.php\/wp-json\/wp\/v2\/pages\/15\/revisions"}],"predecessor-version":[{"id":48,"href":"https:\/\/crespypeinture.fr\/index.php\/wp-json\/wp\/v2\/pages\/15\/revisions\/48"}],"wp:attachment":[{"href":"https:\/\/crespypeinture.fr\/index.php\/wp-json\/wp\/v2\/media?parent=15"}],"curies":[{"name":"wp","href":"https:\/\/api.w.org\/{rel}","templated":true}]}}